{"id":1447,"date":"2017-03-17T16:40:49","date_gmt":"2017-03-17T16:40:49","guid":{"rendered":"https:\/\/www.tramapaisagismo.com.br\/?page_id=1447"},"modified":"2026-02-04T19:10:04","modified_gmt":"2026-02-04T19:10:04","slug":"fotos-paisagismo2","status":"publish","type":"page","link":"https:\/\/tramapaisagismo.com.br\/index.php\/fotos-paisagismo2\/","title":{"rendered":"fotos antigas"},"content":{"rendered":"\n<div class=\"wp-block-columns is-layout-flex wp-container-core-columns-is-layout-9d6595d7 wp-block-columns-is-layout-flex\">\n<div class=\"wp-block-column is-layout-flow wp-block-column-is-layout-flow\" style=\"flex-basis:100%\">\n<div class=\"wp-block-group is-nowrap is-layout-flex wp-container-core-group-is-layout-ad2f72ca wp-block-group-is-layout-flex\"><\/div>\n<\/div>\n<\/div>\n\n\n\n<div class=\"wp-block-query is-layout-flow wp-block-query-is-layout-flow\"><ul class=\"wp-block-post-template is-layout-flow wp-block-post-template-is-layout-flow\"><li class=\"wp-block-post post-3690 post type-post status-publish format-standard hentry category-paisagismo\">\n\n<div class=\"wp-block-columns alignwide is-layout-flex wp-container-core-columns-is-layout-9d6595d7 wp-block-columns-is-layout-flex\">\n<div class=\"wp-block-column is-layout-flow wp-block-column-is-layout-flow\" style=\"flex-basis:66.66%\"><\/div>\n\n\n\n<div class=\"wp-block-column is-layout-flow wp-block-column-is-layout-flow\" style=\"flex-basis:33.33%\"><h2 class=\"wp-block-post-title\"><a href=\"https:\/\/tramapaisagismo.com.br\/index.php\/2026\/05\/15\/jardim-formal-com-especies-tropicais\/\" target=\"_self\" >Jardim Formal com Esp\u00e9cies Tropicais<\/a><\/h2>\n\n<div class=\"wp-block-post-excerpt\"><p class=\"wp-block-post-excerpt__excerpt\">Quando essa cliente me procurou, ela desejava um jardim em estilo mais formal, al\u00e9m de um gramado bem nivelado para &hellip; <\/p><\/div><\/div>\n<\/div>\n\n<\/li><li class=\"wp-block-post post-3688 post type-post status-publish format-standard hentry category-paisagismo\">\n\n<div class=\"wp-block-columns alignwide is-layout-flex wp-container-core-columns-is-layout-9d6595d7 wp-block-columns-is-layout-flex\">\n<div class=\"wp-block-column is-layout-flow wp-block-column-is-layout-flow\" style=\"flex-basis:66.66%\"><\/div>\n\n\n\n<div class=\"wp-block-column is-layout-flow wp-block-column-is-layout-flow\" style=\"flex-basis:33.33%\"><h2 class=\"wp-block-post-title\"><a href=\"https:\/\/tramapaisagismo.com.br\/index.php\/2026\/05\/15\/parede-verde\/\" target=\"_self\" >Parede Verde<\/a><\/h2>\n\n<div class=\"wp-block-post-excerpt\"><p class=\"wp-block-post-excerpt__excerpt\">Ao entrar nessa sala, o morador experimenta a sensa\u00e7\u00e3o de acolhimento. M\u00f3veis confort\u00e1veis, ilumina\u00e7\u00e3o agrad\u00e1vel, mas \u00e9 a grande porta &hellip; <\/p><\/div><\/div>\n<\/div>\n\n<\/li><li class=\"wp-block-post post-3686 post type-post status-publish format-standard hentry category-paisagismo\">\n\n<div class=\"wp-block-columns alignwide is-layout-flex wp-container-core-columns-is-layout-9d6595d7 wp-block-columns-is-layout-flex\">\n<div class=\"wp-block-column is-layout-flow wp-block-column-is-layout-flow\" style=\"flex-basis:66.66%\"><\/div>\n\n\n\n<div class=\"wp-block-column is-layout-flow wp-block-column-is-layout-flow\" style=\"flex-basis:33.33%\"><h2 class=\"wp-block-post-title\"><a href=\"https:\/\/tramapaisagismo.com.br\/index.php\/2026\/05\/15\/sua-casa-e-convidativa\/\" target=\"_self\" >Sua casa \u00e9 convidativa? E seu Jardim?<\/a><\/h2>\n\n<div class=\"wp-block-post-excerpt\"><p class=\"wp-block-post-excerpt__excerpt\">O jardim n\u00e3o \u00e9 apenas um espa\u00e7o, \u00e9 um convite \u00e0 tranquilidade, \u00e0 reflex\u00e3o e ao prazer de estar ao &hellip; <\/p><\/div><\/div>\n<\/div>\n\n<\/li><li class=\"wp-block-post post-3684 post type-post status-publish format-standard hentry category-paisagismo\">\n\n<div class=\"wp-block-columns alignwide is-layout-flex wp-container-core-columns-is-layout-9d6595d7 wp-block-columns-is-layout-flex\">\n<div class=\"wp-block-column is-layout-flow wp-block-column-is-layout-flow\" style=\"flex-basis:66.66%\"><\/div>\n\n\n\n<div class=\"wp-block-column is-layout-flow wp-block-column-is-layout-flow\" style=\"flex-basis:33.33%\"><h2 class=\"wp-block-post-title\"><a href=\"https:\/\/tramapaisagismo.com.br\/index.php\/2026\/05\/15\/jardim-estimula-sua-criatividade\/\" target=\"_self\" >Jardim Estimula sua Criatividade<\/a><\/h2>\n\n<div class=\"wp-block-post-excerpt\"><p class=\"wp-block-post-excerpt__excerpt\">Como o Jardim Estimula sua Criatividade Voc\u00ea sabia que um jardim pode ser uma poderosa fonte de inspira\u00e7\u00e3o para a &hellip; <\/p><\/div><\/div>\n<\/div>\n\n<\/li><li class=\"wp-block-post post-3677 post type-post status-publish format-standard hentry category-paisagismo category-uncategorized\">\n\n<div class=\"wp-block-columns alignwide is-layout-flex wp-container-core-columns-is-layout-9d6595d7 wp-block-columns-is-layout-flex\">\n<div class=\"wp-block-column is-layout-flow wp-block-column-is-layout-flow\" style=\"flex-basis:66.66%\"><\/div>\n\n\n\n<div class=\"wp-block-column is-layout-flow wp-block-column-is-layout-flow\" style=\"flex-basis:33.33%\"><h2 class=\"wp-block-post-title\"><a href=\"https:\/\/tramapaisagismo.com.br\/index.php\/2026\/05\/15\/paisagismo-com-especies-nativas\/\" target=\"_self\" >Paisagismo com Esp\u00e9cies Nativas<\/a><\/h2>\n\n<div class=\"wp-block-post-excerpt\"><p class=\"wp-block-post-excerpt__excerpt\">Criar um projeto de paisagismo exclusivamente com esp\u00e9cies nativas \u00e9 uma escolha que alia est\u00e9tica, funcionalidade e respeito ao meio &hellip; <\/p><\/div><\/div>\n<\/div>\n\n<\/li><\/ul><\/div>\n\n\n\n<p><strong>Gabriela Trama<\/strong>&nbsp; jardineira paisagista<\/p>\n\n\n\n<p><a href=\"http:\/\/api.whatsapp.com\/send?1=pt_BR&amp;phone=5511996503226\" target=\"_blank\" rel=\"noreferrer noopener\"><\/a> tel\/whatsapp: <a href=\"http:\/\/api.whatsapp.com\/send?1=pt_BR&amp;phone=5511996503226\">11 99650 3226<\/a><\/p>\n\n\n\n<p><a href=\"mailto:contato@tramapaisagismo.com.br\">contato@tramapaisagismo.com.br<\/a><\/p>\n","protected":false},"excerpt":{"rendered":"<p>Gabriela Trama&nbsp; jardineira paisagista tel\/whatsapp: 11 99650 3226 contato@tramapaisagismo.com.br<\/p>\n","protected":false},"author":2,"featured_media":0,"parent":0,"menu_order":0,"comment_status":"closed","ping_status":"closed","template":"","meta":{"two_page_speed":[],"footnotes":""},"class_list":["post-1447","page","type-page","status-publish","hentry"],"yoast_head":"<!-- This site is optimized with the Yoast SEO plugin v27.4 - https:\/\/yoast.com\/product\/yoast-seo-wordpress\/ -->\n<title>fotos antigas - Gabriela Trama Paisagismo<\/title>\n<meta name=\"robots\" content=\"index, follow, max-snippet:-1, max-image-preview:large, max-video-preview:-1\" \/>\n<link rel=\"canonical\" href=\"https:\/\/tramapaisagismo.com.br\/index.php\/fotos-paisagismo2\/\" \/>\n<meta property=\"og:locale\" content=\"pt_BR\" \/>\n<meta property=\"og:type\" content=\"article\" \/>\n<meta property=\"og:title\" content=\"fotos antigas - Gabriela Trama Paisagismo\" \/>\n<meta property=\"og:description\" content=\"Gabriela Trama&nbsp; jardineira paisagista tel\/whatsapp: 11 99650 3226 contato@tramapaisagismo.com.br\" \/>\n<meta property=\"og:url\" content=\"https:\/\/tramapaisagismo.com.br\/index.php\/fotos-paisagismo2\/\" \/>\n<meta property=\"og:site_name\" content=\"Gabriela Trama Paisagismo\" \/>\n<meta property=\"article:modified_time\" content=\"2026-02-04T19:10:04+00:00\" \/>\n<meta name=\"twitter:card\" content=\"summary_large_image\" \/>\n<meta name=\"twitter:label1\" content=\"Est. tempo de leitura\" \/>\n\t<meta name=\"twitter:data1\" content=\"1 minuto\" \/>\n<script type=\"application\/ld+json\" class=\"yoast-schema-graph\">{\"@context\":\"https:\\\/\\\/schema.org\",\"@graph\":[{\"@type\":\"WebPage\",\"@id\":\"https:\\\/\\\/tramapaisagismo.com.br\\\/index.php\\\/fotos-paisagismo2\\\/\",\"url\":\"https:\\\/\\\/tramapaisagismo.com.br\\\/index.php\\\/fotos-paisagismo2\\\/\",\"name\":\"fotos antigas - Gabriela Trama Paisagismo\",\"isPartOf\":{\"@id\":\"https:\\\/\\\/tramapaisagismo.com.br\\\/#website\"},\"datePublished\":\"2017-03-17T16:40:49+00:00\",\"dateModified\":\"2026-02-04T19:10:04+00:00\",\"breadcrumb\":{\"@id\":\"https:\\\/\\\/tramapaisagismo.com.br\\\/index.php\\\/fotos-paisagismo2\\\/#breadcrumb\"},\"inLanguage\":\"pt-BR\",\"potentialAction\":[{\"@type\":\"ReadAction\",\"target\":[\"https:\\\/\\\/tramapaisagismo.com.br\\\/index.php\\\/fotos-paisagismo2\\\/\"]}]},{\"@type\":\"BreadcrumbList\",\"@id\":\"https:\\\/\\\/tramapaisagismo.com.br\\\/index.php\\\/fotos-paisagismo2\\\/#breadcrumb\",\"itemListElement\":[{\"@type\":\"ListItem\",\"position\":1,\"name\":\"In\u00edcio\",\"item\":\"https:\\\/\\\/tramapaisagismo.com.br\\\/\"},{\"@type\":\"ListItem\",\"position\":2,\"name\":\"fotos antigas\"}]},{\"@type\":\"WebSite\",\"@id\":\"https:\\\/\\\/tramapaisagismo.com.br\\\/#website\",\"url\":\"https:\\\/\\\/tramapaisagismo.com.br\\\/\",\"name\":\"Gabriela Trama Paisagismo\",\"description\":\"Projeto e Implanta\u00e7\u00e3o de Jardins\",\"publisher\":{\"@id\":\"https:\\\/\\\/tramapaisagismo.com.br\\\/#\\\/schema\\\/person\\\/93f28c57eae2e941e3b8421147e7f09a\"},\"potentialAction\":[{\"@type\":\"SearchAction\",\"target\":{\"@type\":\"EntryPoint\",\"urlTemplate\":\"https:\\\/\\\/tramapaisagismo.com.br\\\/?s={search_term_string}\"},\"query-input\":{\"@type\":\"PropertyValueSpecification\",\"valueRequired\":true,\"valueName\":\"search_term_string\"}}],\"inLanguage\":\"pt-BR\"},{\"@type\":[\"Person\",\"Organization\"],\"@id\":\"https:\\\/\\\/tramapaisagismo.com.br\\\/#\\\/schema\\\/person\\\/93f28c57eae2e941e3b8421147e7f09a\",\"name\":\"Gabriela Trama\",\"image\":{\"@type\":\"ImageObject\",\"inLanguage\":\"pt-BR\",\"@id\":\"https:\\\/\\\/tramapaisagismo.com.br\\\/wp-content\\\/uploads\\\/2018\\\/06\\\/GABITRAMA-1024x576.jpg\",\"url\":\"https:\\\/\\\/tramapaisagismo.com.br\\\/wp-content\\\/uploads\\\/2018\\\/06\\\/GABITRAMA-1024x576.jpg\",\"contentUrl\":\"https:\\\/\\\/tramapaisagismo.com.br\\\/wp-content\\\/uploads\\\/2018\\\/06\\\/GABITRAMA-1024x576.jpg\",\"width\":1024,\"height\":576,\"caption\":\"Gabriela Trama\"},\"logo\":{\"@id\":\"https:\\\/\\\/tramapaisagismo.com.br\\\/wp-content\\\/uploads\\\/2018\\\/06\\\/GABITRAMA-1024x576.jpg\"},\"description\":\"A jardinagem come\u00e7ou timidamente na minha vida. Fui estudando e me apaixonando. Atrav\u00e9s da jardinagem, conheci o paisagismo. Fiz diversos cursos na UMAPAZ como Evolu\u00e7\u00e3o dos Jardins, Fam\u00edlia Orchidaceae, Recursos Paisag\u00edsticos e muitos outros. Sou de S\u00e3o Paulo e sempre morei em casa, com espa\u00e7o para plantas, animais, aromas e sensa\u00e7\u00f5es. Me casei e fui para um apartamento. Minha sacadinha era meu canto favorito. No in\u00edcio resolvi me especializar em jardins em apartamentos, que me trouxe muita experi\u00eancia. Hoje fa\u00e7o projetos para casas, coberturas e qualquer ambiente que possa ser transformado. Cada projeto \u00e9 \u00fanico e gosto de tratar todos os assuntos diretamente com o cliente. Penso que o jardim vai al\u00e9m da est\u00e9tica. Precisa trazer momentos \u00fanicos, mem\u00f3rias afetivas e ativar nossos 5 sentidos.\",\"sameAs\":[\"https:\\\/\\\/tramapaisagismo.com.br\",\"@gabriela_trama_paisagismo\",\"tpaisagismo\"]}]}<\/script>\n<!-- \/ Yoast SEO plugin. -->","yoast_head_json":{"title":"fotos antigas - Gabriela Trama Paisagismo","robots":{"index":"index","follow":"follow","max-snippet":"max-snippet:-1","max-image-preview":"max-image-preview:large","max-video-preview":"max-video-preview:-1"},"canonical":"https:\/\/tramapaisagismo.com.br\/index.php\/fotos-paisagismo2\/","og_locale":"pt_BR","og_type":"article","og_title":"fotos antigas - Gabriela Trama Paisagismo","og_description":"Gabriela Trama&nbsp; jardineira paisagista tel\/whatsapp: 11 99650 3226 contato@tramapaisagismo.com.br","og_url":"https:\/\/tramapaisagismo.com.br\/index.php\/fotos-paisagismo2\/","og_site_name":"Gabriela Trama Paisagismo","article_modified_time":"2026-02-04T19:10:04+00:00","twitter_card":"summary_large_image","twitter_misc":{"Est. tempo de leitura":"1 minuto"},"schema":{"@context":"https:\/\/schema.org","@graph":[{"@type":"WebPage","@id":"https:\/\/tramapaisagismo.com.br\/index.php\/fotos-paisagismo2\/","url":"https:\/\/tramapaisagismo.com.br\/index.php\/fotos-paisagismo2\/","name":"fotos antigas - Gabriela Trama Paisagismo","isPartOf":{"@id":"https:\/\/tramapaisagismo.com.br\/#website"},"datePublished":"2017-03-17T16:40:49+00:00","dateModified":"2026-02-04T19:10:04+00:00","breadcrumb":{"@id":"https:\/\/tramapaisagismo.com.br\/index.php\/fotos-paisagismo2\/#breadcrumb"},"inLanguage":"pt-BR","potentialAction":[{"@type":"ReadAction","target":["https:\/\/tramapaisagismo.com.br\/index.php\/fotos-paisagismo2\/"]}]},{"@type":"BreadcrumbList","@id":"https:\/\/tramapaisagismo.com.br\/index.php\/fotos-paisagismo2\/#breadcrumb","itemListElement":[{"@type":"ListItem","position":1,"name":"In\u00edcio","item":"https:\/\/tramapaisagismo.com.br\/"},{"@type":"ListItem","position":2,"name":"fotos antigas"}]},{"@type":"WebSite","@id":"https:\/\/tramapaisagismo.com.br\/#website","url":"https:\/\/tramapaisagismo.com.br\/","name":"Gabriela Trama Paisagismo","description":"Projeto e Implanta\u00e7\u00e3o de Jardins","publisher":{"@id":"https:\/\/tramapaisagismo.com.br\/#\/schema\/person\/93f28c57eae2e941e3b8421147e7f09a"},"potentialAction":[{"@type":"SearchAction","target":{"@type":"EntryPoint","urlTemplate":"https:\/\/tramapaisagismo.com.br\/?s={search_term_string}"},"query-input":{"@type":"PropertyValueSpecification","valueRequired":true,"valueName":"search_term_string"}}],"inLanguage":"pt-BR"},{"@type":["Person","Organization"],"@id":"https:\/\/tramapaisagismo.com.br\/#\/schema\/person\/93f28c57eae2e941e3b8421147e7f09a","name":"Gabriela Trama","image":{"@type":"ImageObject","inLanguage":"pt-BR","@id":"https:\/\/tramapaisagismo.com.br\/wp-content\/uploads\/2018\/06\/GABITRAMA-1024x576.jpg","url":"https:\/\/tramapaisagismo.com.br\/wp-content\/uploads\/2018\/06\/GABITRAMA-1024x576.jpg","contentUrl":"https:\/\/tramapaisagismo.com.br\/wp-content\/uploads\/2018\/06\/GABITRAMA-1024x576.jpg","width":1024,"height":576,"caption":"Gabriela Trama"},"logo":{"@id":"https:\/\/tramapaisagismo.com.br\/wp-content\/uploads\/2018\/06\/GABITRAMA-1024x576.jpg"},"description":"A jardinagem come\u00e7ou timidamente na minha vida. Fui estudando e me apaixonando. Atrav\u00e9s da jardinagem, conheci o paisagismo. Fiz diversos cursos na UMAPAZ como Evolu\u00e7\u00e3o dos Jardins, Fam\u00edlia Orchidaceae, Recursos Paisag\u00edsticos e muitos outros. Sou de S\u00e3o Paulo e sempre morei em casa, com espa\u00e7o para plantas, animais, aromas e sensa\u00e7\u00f5es. Me casei e fui para um apartamento. Minha sacadinha era meu canto favorito. No in\u00edcio resolvi me especializar em jardins em apartamentos, que me trouxe muita experi\u00eancia. Hoje fa\u00e7o projetos para casas, coberturas e qualquer ambiente que possa ser transformado. Cada projeto \u00e9 \u00fanico e gosto de tratar todos os assuntos diretamente com o cliente. Penso que o jardim vai al\u00e9m da est\u00e9tica. Precisa trazer momentos \u00fanicos, mem\u00f3rias afetivas e ativar nossos 5 sentidos.","sameAs":["https:\/\/tramapaisagismo.com.br","@gabriela_trama_paisagismo","tpaisagismo"]}]}},"_links":{"self":[{"href":"https:\/\/tramapaisagismo.com.br\/index.php\/wp-json\/wp\/v2\/pages\/1447","targetHints":{"allow":["GET"]}}],"collection":[{"href":"https:\/\/tramapaisagismo.com.br\/index.php\/wp-json\/wp\/v2\/pages"}],"about":[{"href":"https:\/\/tramapaisagismo.com.br\/index.php\/wp-json\/wp\/v2\/types\/page"}],"author":[{"embeddable":true,"href":"https:\/\/tramapaisagismo.com.br\/index.php\/wp-json\/wp\/v2\/users\/2"}],"replies":[{"embeddable":true,"href":"https:\/\/tramapaisagismo.com.br\/index.php\/wp-json\/wp\/v2\/comments?post=1447"}],"version-history":[{"count":59,"href":"https:\/\/tramapaisagismo.com.br\/index.php\/wp-json\/wp\/v2\/pages\/1447\/revisions"}],"predecessor-version":[{"id":3403,"href":"https:\/\/tramapaisagismo.com.br\/index.php\/wp-json\/wp\/v2\/pages\/1447\/revisions\/3403"}],"wp:attachment":[{"href":"https:\/\/tramapaisagismo.com.br\/index.php\/wp-json\/wp\/v2\/media?parent=1447"}],"curies":[{"name":"wp","href":"https:\/\/api.w.org\/{rel}","templated":true}]}}