{"id":2180,"date":"2018-05-09T23:05:40","date_gmt":"2018-05-09T23:05:40","guid":{"rendered":"https:\/\/www.tramapaisagismo.com.br\/?page_id=2180"},"modified":"2026-05-15T22:48:14","modified_gmt":"2026-05-15T22:48:14","slug":"contato","status":"publish","type":"page","link":"https:\/\/tramapaisagismo.com.br\/index.php\/contato\/","title":{"rendered":"Contato"},"content":{"rendered":"<p><strong>Gabriela Trama<\/strong>\u00a0 jardineira paisagista<\/p>\n<p><a href=\"http:\/\/api.whatsapp.com\/send?1=pt_BR&amp;phone=5511996503226\" target=\"_blank\" rel=\"noopener\"><img loading=\"lazy\" decoding=\"async\" class=\"alignnone\" src=\"https:\/\/tramapaisagismo.com.br\/wp-content\/uploads\/2022\/02\/Screen-Shot-2022-02-02-at-11.27.20.png\" alt=\"O atributo alt desta imagem est\u00e1 vazio. O nome do arquivo \u00e9 Screen-Shot-2022-02-02-at-11.27.20.png\" width=\"36\" height=\"36\" \/><\/a> tel\/whatsapp: <a href=\"http:\/\/api.whatsapp.com\/send?1=pt_BR&amp;phone=5511996503226\">11 99650 3226<\/a><\/p>\n<p><a href=\"mailto:contato@tramapaisagismo.com.br\">contato@tramapaisagismo.com.br<\/a><\/p>\n<p>Morumbi &#8211; S\u00e3o Paulo &#8211; SP<\/p>\n<p>\u00a0<\/p>\n<div><\/div>\n\n\n<p><\/p>\n","protected":false},"excerpt":{"rendered":"<p>Gabriela Trama\u00a0 jardineira paisagista tel\/whatsapp: 11 99650 3226 contato@tramapaisagismo.com.br Morumbi &#8211; S\u00e3o Paulo &#8211; SP \u00a0<\/p>\n","protected":false},"author":1,"featured_media":0,"parent":0,"menu_order":0,"comment_status":"closed","ping_status":"closed","template":"","meta":{"two_page_speed":[],"footnotes":""},"class_list":["post-2180","page","type-page","status-publish","hentry"],"yoast_head":"<!-- This site is optimized with the Yoast SEO plugin v27.4 - https:\/\/yoast.com\/product\/yoast-seo-wordpress\/ -->\n<title>Contato - Gabriela Trama Paisagismo<\/title>\n<meta name=\"robots\" content=\"index, follow, max-snippet:-1, max-image-preview:large, max-video-preview:-1\" \/>\n<link rel=\"canonical\" href=\"https:\/\/tramapaisagismo.com.br\/index.php\/contato\/\" \/>\n<meta property=\"og:locale\" content=\"pt_BR\" \/>\n<meta property=\"og:type\" content=\"article\" \/>\n<meta property=\"og:title\" content=\"Contato - Gabriela Trama Paisagismo\" \/>\n<meta property=\"og:description\" content=\"Gabriela Trama\u00a0 jardineira paisagista tel\/whatsapp: 11 99650 3226 contato@tramapaisagismo.com.br Morumbi &#8211; S\u00e3o Paulo &#8211; SP \u00a0\" \/>\n<meta property=\"og:url\" content=\"https:\/\/tramapaisagismo.com.br\/index.php\/contato\/\" \/>\n<meta property=\"og:site_name\" content=\"Gabriela Trama Paisagismo\" \/>\n<meta property=\"article:modified_time\" content=\"2026-05-15T22:48:14+00:00\" \/>\n<meta property=\"og:image\" content=\"https:\/\/tramapaisagismo.com.br\/wp-content\/uploads\/2022\/02\/Screen-Shot-2022-02-02-at-11.27.20.png\" \/>\n<meta name=\"twitter:card\" content=\"summary_large_image\" \/>\n<meta name=\"twitter:label1\" content=\"Est. tempo de leitura\" \/>\n\t<meta name=\"twitter:data1\" content=\"1 minuto\" \/>\n<script type=\"application\/ld+json\" class=\"yoast-schema-graph\">{\"@context\":\"https:\\\/\\\/schema.org\",\"@graph\":[{\"@type\":\"WebPage\",\"@id\":\"https:\\\/\\\/tramapaisagismo.com.br\\\/index.php\\\/contato\\\/\",\"url\":\"https:\\\/\\\/tramapaisagismo.com.br\\\/index.php\\\/contato\\\/\",\"name\":\"Contato - Gabriela Trama Paisagismo\",\"isPartOf\":{\"@id\":\"https:\\\/\\\/tramapaisagismo.com.br\\\/#website\"},\"primaryImageOfPage\":{\"@id\":\"https:\\\/\\\/tramapaisagismo.com.br\\\/index.php\\\/contato\\\/#primaryimage\"},\"image\":{\"@id\":\"https:\\\/\\\/tramapaisagismo.com.br\\\/index.php\\\/contato\\\/#primaryimage\"},\"thumbnailUrl\":\"https:\\\/\\\/tramapaisagismo.com.br\\\/wp-content\\\/uploads\\\/2022\\\/02\\\/Screen-Shot-2022-02-02-at-11.27.20.png\",\"datePublished\":\"2018-05-09T23:05:40+00:00\",\"dateModified\":\"2026-05-15T22:48:14+00:00\",\"breadcrumb\":{\"@id\":\"https:\\\/\\\/tramapaisagismo.com.br\\\/index.php\\\/contato\\\/#breadcrumb\"},\"inLanguage\":\"pt-BR\",\"potentialAction\":[{\"@type\":\"ReadAction\",\"target\":[\"https:\\\/\\\/tramapaisagismo.com.br\\\/index.php\\\/contato\\\/\"]}]},{\"@type\":\"ImageObject\",\"inLanguage\":\"pt-BR\",\"@id\":\"https:\\\/\\\/tramapaisagismo.com.br\\\/index.php\\\/contato\\\/#primaryimage\",\"url\":\"https:\\\/\\\/tramapaisagismo.com.br\\\/wp-content\\\/uploads\\\/2022\\\/02\\\/Screen-Shot-2022-02-02-at-11.27.20.png\",\"contentUrl\":\"https:\\\/\\\/tramapaisagismo.com.br\\\/wp-content\\\/uploads\\\/2022\\\/02\\\/Screen-Shot-2022-02-02-at-11.27.20.png\",\"width\":468,\"height\":470},{\"@type\":\"BreadcrumbList\",\"@id\":\"https:\\\/\\\/tramapaisagismo.com.br\\\/index.php\\\/contato\\\/#breadcrumb\",\"itemListElement\":[{\"@type\":\"ListItem\",\"position\":1,\"name\":\"In\u00edcio\",\"item\":\"https:\\\/\\\/tramapaisagismo.com.br\\\/\"},{\"@type\":\"ListItem\",\"position\":2,\"name\":\"Contato\"}]},{\"@type\":\"WebSite\",\"@id\":\"https:\\\/\\\/tramapaisagismo.com.br\\\/#website\",\"url\":\"https:\\\/\\\/tramapaisagismo.com.br\\\/\",\"name\":\"Gabriela Trama Paisagismo\",\"description\":\"Projeto e Implanta\u00e7\u00e3o de Jardins\",\"publisher\":{\"@id\":\"https:\\\/\\\/tramapaisagismo.com.br\\\/#\\\/schema\\\/person\\\/93f28c57eae2e941e3b8421147e7f09a\"},\"potentialAction\":[{\"@type\":\"SearchAction\",\"target\":{\"@type\":\"EntryPoint\",\"urlTemplate\":\"https:\\\/\\\/tramapaisagismo.com.br\\\/?s={search_term_string}\"},\"query-input\":{\"@type\":\"PropertyValueSpecification\",\"valueRequired\":true,\"valueName\":\"search_term_string\"}}],\"inLanguage\":\"pt-BR\"},{\"@type\":[\"Person\",\"Organization\"],\"@id\":\"https:\\\/\\\/tramapaisagismo.com.br\\\/#\\\/schema\\\/person\\\/93f28c57eae2e941e3b8421147e7f09a\",\"name\":\"Gabriela Trama\",\"image\":{\"@type\":\"ImageObject\",\"inLanguage\":\"pt-BR\",\"@id\":\"https:\\\/\\\/tramapaisagismo.com.br\\\/wp-content\\\/uploads\\\/2018\\\/06\\\/GABITRAMA-1024x576.jpg\",\"url\":\"https:\\\/\\\/tramapaisagismo.com.br\\\/wp-content\\\/uploads\\\/2018\\\/06\\\/GABITRAMA-1024x576.jpg\",\"contentUrl\":\"https:\\\/\\\/tramapaisagismo.com.br\\\/wp-content\\\/uploads\\\/2018\\\/06\\\/GABITRAMA-1024x576.jpg\",\"width\":1024,\"height\":576,\"caption\":\"Gabriela Trama\"},\"logo\":{\"@id\":\"https:\\\/\\\/tramapaisagismo.com.br\\\/wp-content\\\/uploads\\\/2018\\\/06\\\/GABITRAMA-1024x576.jpg\"},\"description\":\"A jardinagem come\u00e7ou timidamente na minha vida. Fui estudando e me apaixonando. Atrav\u00e9s da jardinagem, conheci o paisagismo. Fiz diversos cursos na UMAPAZ como Evolu\u00e7\u00e3o dos Jardins, Fam\u00edlia Orchidaceae, Recursos Paisag\u00edsticos e muitos outros. Sou de S\u00e3o Paulo e sempre morei em casa, com espa\u00e7o para plantas, animais, aromas e sensa\u00e7\u00f5es. Me casei e fui para um apartamento. Minha sacadinha era meu canto favorito. No in\u00edcio resolvi me especializar em jardins em apartamentos, que me trouxe muita experi\u00eancia. Hoje fa\u00e7o projetos para casas, coberturas e qualquer ambiente que possa ser transformado. Cada projeto \u00e9 \u00fanico e gosto de tratar todos os assuntos diretamente com o cliente. Penso que o jardim vai al\u00e9m da est\u00e9tica. Precisa trazer momentos \u00fanicos, mem\u00f3rias afetivas e ativar nossos 5 sentidos.\",\"sameAs\":[\"https:\\\/\\\/tramapaisagismo.com.br\",\"@gabriela_trama_paisagismo\",\"tpaisagismo\"]}]}<\/script>\n<!-- \/ Yoast SEO plugin. -->","yoast_head_json":{"title":"Contato - Gabriela Trama Paisagismo","robots":{"index":"index","follow":"follow","max-snippet":"max-snippet:-1","max-image-preview":"max-image-preview:large","max-video-preview":"max-video-preview:-1"},"canonical":"https:\/\/tramapaisagismo.com.br\/index.php\/contato\/","og_locale":"pt_BR","og_type":"article","og_title":"Contato - Gabriela Trama Paisagismo","og_description":"Gabriela Trama\u00a0 jardineira paisagista tel\/whatsapp: 11 99650 3226 contato@tramapaisagismo.com.br Morumbi &#8211; S\u00e3o Paulo &#8211; SP \u00a0","og_url":"https:\/\/tramapaisagismo.com.br\/index.php\/contato\/","og_site_name":"Gabriela Trama Paisagismo","article_modified_time":"2026-05-15T22:48:14+00:00","og_image":[{"url":"https:\/\/tramapaisagismo.com.br\/wp-content\/uploads\/2022\/02\/Screen-Shot-2022-02-02-at-11.27.20.png","type":"","width":"","height":""}],"twitter_card":"summary_large_image","twitter_misc":{"Est. tempo de leitura":"1 minuto"},"schema":{"@context":"https:\/\/schema.org","@graph":[{"@type":"WebPage","@id":"https:\/\/tramapaisagismo.com.br\/index.php\/contato\/","url":"https:\/\/tramapaisagismo.com.br\/index.php\/contato\/","name":"Contato - Gabriela Trama Paisagismo","isPartOf":{"@id":"https:\/\/tramapaisagismo.com.br\/#website"},"primaryImageOfPage":{"@id":"https:\/\/tramapaisagismo.com.br\/index.php\/contato\/#primaryimage"},"image":{"@id":"https:\/\/tramapaisagismo.com.br\/index.php\/contato\/#primaryimage"},"thumbnailUrl":"https:\/\/tramapaisagismo.com.br\/wp-content\/uploads\/2022\/02\/Screen-Shot-2022-02-02-at-11.27.20.png","datePublished":"2018-05-09T23:05:40+00:00","dateModified":"2026-05-15T22:48:14+00:00","breadcrumb":{"@id":"https:\/\/tramapaisagismo.com.br\/index.php\/contato\/#breadcrumb"},"inLanguage":"pt-BR","potentialAction":[{"@type":"ReadAction","target":["https:\/\/tramapaisagismo.com.br\/index.php\/contato\/"]}]},{"@type":"ImageObject","inLanguage":"pt-BR","@id":"https:\/\/tramapaisagismo.com.br\/index.php\/contato\/#primaryimage","url":"https:\/\/tramapaisagismo.com.br\/wp-content\/uploads\/2022\/02\/Screen-Shot-2022-02-02-at-11.27.20.png","contentUrl":"https:\/\/tramapaisagismo.com.br\/wp-content\/uploads\/2022\/02\/Screen-Shot-2022-02-02-at-11.27.20.png","width":468,"height":470},{"@type":"BreadcrumbList","@id":"https:\/\/tramapaisagismo.com.br\/index.php\/contato\/#breadcrumb","itemListElement":[{"@type":"ListItem","position":1,"name":"In\u00edcio","item":"https:\/\/tramapaisagismo.com.br\/"},{"@type":"ListItem","position":2,"name":"Contato"}]},{"@type":"WebSite","@id":"https:\/\/tramapaisagismo.com.br\/#website","url":"https:\/\/tramapaisagismo.com.br\/","name":"Gabriela Trama Paisagismo","description":"Projeto e Implanta\u00e7\u00e3o de Jardins","publisher":{"@id":"https:\/\/tramapaisagismo.com.br\/#\/schema\/person\/93f28c57eae2e941e3b8421147e7f09a"},"potentialAction":[{"@type":"SearchAction","target":{"@type":"EntryPoint","urlTemplate":"https:\/\/tramapaisagismo.com.br\/?s={search_term_string}"},"query-input":{"@type":"PropertyValueSpecification","valueRequired":true,"valueName":"search_term_string"}}],"inLanguage":"pt-BR"},{"@type":["Person","Organization"],"@id":"https:\/\/tramapaisagismo.com.br\/#\/schema\/person\/93f28c57eae2e941e3b8421147e7f09a","name":"Gabriela Trama","image":{"@type":"ImageObject","inLanguage":"pt-BR","@id":"https:\/\/tramapaisagismo.com.br\/wp-content\/uploads\/2018\/06\/GABITRAMA-1024x576.jpg","url":"https:\/\/tramapaisagismo.com.br\/wp-content\/uploads\/2018\/06\/GABITRAMA-1024x576.jpg","contentUrl":"https:\/\/tramapaisagismo.com.br\/wp-content\/uploads\/2018\/06\/GABITRAMA-1024x576.jpg","width":1024,"height":576,"caption":"Gabriela Trama"},"logo":{"@id":"https:\/\/tramapaisagismo.com.br\/wp-content\/uploads\/2018\/06\/GABITRAMA-1024x576.jpg"},"description":"A jardinagem come\u00e7ou timidamente na minha vida. Fui estudando e me apaixonando. Atrav\u00e9s da jardinagem, conheci o paisagismo. Fiz diversos cursos na UMAPAZ como Evolu\u00e7\u00e3o dos Jardins, Fam\u00edlia Orchidaceae, Recursos Paisag\u00edsticos e muitos outros. Sou de S\u00e3o Paulo e sempre morei em casa, com espa\u00e7o para plantas, animais, aromas e sensa\u00e7\u00f5es. Me casei e fui para um apartamento. Minha sacadinha era meu canto favorito. No in\u00edcio resolvi me especializar em jardins em apartamentos, que me trouxe muita experi\u00eancia. Hoje fa\u00e7o projetos para casas, coberturas e qualquer ambiente que possa ser transformado. Cada projeto \u00e9 \u00fanico e gosto de tratar todos os assuntos diretamente com o cliente. Penso que o jardim vai al\u00e9m da est\u00e9tica. Precisa trazer momentos \u00fanicos, mem\u00f3rias afetivas e ativar nossos 5 sentidos.","sameAs":["https:\/\/tramapaisagismo.com.br","@gabriela_trama_paisagismo","tpaisagismo"]}]}},"_links":{"self":[{"href":"https:\/\/tramapaisagismo.com.br\/index.php\/wp-json\/wp\/v2\/pages\/2180","targetHints":{"allow":["GET"]}}],"collection":[{"href":"https:\/\/tramapaisagismo.com.br\/index.php\/wp-json\/wp\/v2\/pages"}],"about":[{"href":"https:\/\/tramapaisagismo.com.br\/index.php\/wp-json\/wp\/v2\/types\/page"}],"author":[{"embeddable":true,"href":"https:\/\/tramapaisagismo.com.br\/index.php\/wp-json\/wp\/v2\/users\/1"}],"replies":[{"embeddable":true,"href":"https:\/\/tramapaisagismo.com.br\/index.php\/wp-json\/wp\/v2\/comments?post=2180"}],"version-history":[{"count":26,"href":"https:\/\/tramapaisagismo.com.br\/index.php\/wp-json\/wp\/v2\/pages\/2180\/revisions"}],"predecessor-version":[{"id":3568,"href":"https:\/\/tramapaisagismo.com.br\/index.php\/wp-json\/wp\/v2\/pages\/2180\/revisions\/3568"}],"wp:attachment":[{"href":"https:\/\/tramapaisagismo.com.br\/index.php\/wp-json\/wp\/v2\/media?parent=2180"}],"curies":[{"name":"wp","href":"https:\/\/api.w.org\/{rel}","templated":true}]}}