{"id":2250,"date":"2018-06-13T21:05:02","date_gmt":"2018-06-13T21:05:02","guid":{"rendered":"https:\/\/www.tramapaisagismo.com.br\/?page_id=2250"},"modified":"2026-02-06T18:19:48","modified_gmt":"2026-02-06T18:19:48","slug":"perfil","status":"publish","type":"page","link":"https:\/\/tramapaisagismo.com.br\/index.php\/perfil\/","title":{"rendered":"Perfil"},"content":{"rendered":"<div class=\"wp-block-image\">\n<figure class=\"aligncenter\"><img loading=\"lazy\" decoding=\"async\" width=\"2560\" height=\"1440\" src=\"https:\/\/tramapaisagismo.com.br\/wp-content\/uploads\/2018\/06\/GABITRAMA.jpg\" alt=\"\" class=\"wp-image-2251\" srcset=\"https:\/\/tramapaisagismo.com.br\/wp-content\/uploads\/2018\/06\/GABITRAMA.jpg 2560w, https:\/\/tramapaisagismo.com.br\/wp-content\/uploads\/2018\/06\/GABITRAMA-300x169.jpg 300w, https:\/\/tramapaisagismo.com.br\/wp-content\/uploads\/2018\/06\/GABITRAMA-768x432.jpg 768w, https:\/\/tramapaisagismo.com.br\/wp-content\/uploads\/2018\/06\/GABITRAMA-1024x576.jpg 1024w\" sizes=\"auto, (max-width: 2560px) 100vw, 2560px\" \/><\/figure>\n<\/div>\n\n\n<p class=\"has-black-color has-text-color\" style=\"font-size:17px;font-style:normal;font-weight:300\">A jardinagem entrou na minha vida de forma discreta. Com o tempo, fui estudando, observando e me apaixonando. Foi atrav\u00e9s da jardinagem que conheci o paisagismo e encontrei a possibilidade de transformar espa\u00e7os em experi\u00eancias.<\/p>\n\n\n\n<p style=\"font-size:17px;font-style:normal;font-weight:300\">Busquei forma\u00e7\u00e3o cont\u00ednua, com diversos cursos na UMAPAZ, entre eles <strong>Evolu\u00e7\u00e3o dos Jardins, Fam\u00edlia Orchidaceae e Recursos Paisag\u00edsticos<\/strong>, aprofundando meu olhar t\u00e9cnico e sens\u00edvel sobre o verde.<\/p>\n\n\n\n<p style=\"font-size:17px;font-style:normal;font-weight:300\">Sou de S\u00e3o Paulo e sempre vivi em casa, cercada por plantas, aromas, animais e sensa\u00e7\u00f5es. Ao me casar e mudar para um apartamento, a sacada se tornou meu ref\u00fagio. Um espa\u00e7o pequeno, mas cheio de significado. Essa viv\u00eancia me levou a me especializar inicialmente em jardins para apartamentos, experi\u00eancia que refinou meu repert\u00f3rio e meu cuidado com cada detalhe.<\/p>\n\n\n\n<p style=\"font-size:17px;font-style:normal;font-weight:300\">Hoje desenvolvo projetos de paisagismo residencial de alto padr\u00e3o para casas, coberturas e ambientes exclusivos, sempre com um olhar autoral e personalizado. Cada projeto \u00e9 \u00fanico, e fa\u00e7o quest\u00e3o de conduzir todas as etapas diretamente com o cliente, garantindo proximidade, escuta e alinhamento.<\/p>\n\n\n\n<p class=\"has-black-color has-text-color\" style=\"font-size:17px;font-style:normal;font-weight:300\">Acredito que o jardim vai al\u00e9m da est\u00e9tica. Ele deve criar momentos \u00fanicos, mem\u00f3rias afetivas e despertar os cinco sentidos, tornando-se parte essencial do viver.<\/p>\n\n\n\n<p class=\"has-black-color has-text-color\" style=\"font-size:17px;font-style:normal;font-weight:300\"><\/p>\n\n\n\n<p style=\"font-style:normal;font-weight:300\"><strong><span style=\"color: #008000;\">Gabriela Trama&nbsp;<\/span><\/strong><br><span style=\"color: #008000;\">jardineira paisagista<\/span><\/p>\n\n\n\n<p><\/p>\n\n\n\n<p><a href=\"http:\/\/api.whatsapp.com\/send?1=pt_BR&amp;phone=5511996503226\" target=\"_blank\" rel=\"noreferrer noopener\"><\/a>  <a href=\"http:\/\/api.whatsapp.com\/send?1=pt_BR&amp;phone=5511996503226\" target=\"_blank\" rel=\"noopener\"><img loading=\"lazy\" decoding=\"async\" width=\"48\" height=\"48\" class=\"alignnone\" src=\"https:\/\/tramapaisagismo.com.br\/wp-content\/uploads\/2022\/02\/Screen-Shot-2022-02-02-at-11.27.20.png\" alt=\"O atributo alt desta imagem est\u00e1 vazio. O nome do arquivo \u00e9 Screen-Shot-2022-02-02-at-11.27.20.png\"><\/a>  tel\/whatsapp: <a href=\"http:\/\/api.whatsapp.com\/send?1=pt_BR&amp;phone=5511996503226\">11 99650 3226<\/a><\/p>\n\n\n\n<p><a href=\"mailto:contato@tramapaisagismo.com.br\">contato@tramapaisagismo.com.br<\/a><\/p>\n\n\n\n<p>Morumbi &#8211; S\u00e3o Paulo &#8211; SP<\/p>\n","protected":false},"excerpt":{"rendered":"<p>A jardinagem entrou na minha vida de forma discreta. Com o tempo, fui estudando, observando e me apaixonando. Foi atrav\u00e9s &hellip; <\/p>\n","protected":false},"author":2,"featured_media":0,"parent":0,"menu_order":0,"comment_status":"closed","ping_status":"closed","template":"","meta":{"two_page_speed":[],"footnotes":""},"class_list":["post-2250","page","type-page","status-publish","hentry"],"yoast_head":"<!-- This site is optimized with the Yoast SEO plugin v27.4 - https:\/\/yoast.com\/product\/yoast-seo-wordpress\/ -->\n<title>Perfil - Gabriela Trama Paisagismo<\/title>\n<meta name=\"robots\" content=\"index, follow, max-snippet:-1, max-image-preview:large, max-video-preview:-1\" \/>\n<link rel=\"canonical\" href=\"https:\/\/tramapaisagismo.com.br\/index.php\/perfil\/\" \/>\n<meta property=\"og:locale\" content=\"pt_BR\" \/>\n<meta property=\"og:type\" content=\"article\" \/>\n<meta property=\"og:title\" content=\"Perfil - Gabriela Trama Paisagismo\" \/>\n<meta property=\"og:description\" content=\"A jardinagem entrou na minha vida de forma discreta. Com o tempo, fui estudando, observando e me apaixonando. Foi atrav\u00e9s &hellip;\" \/>\n<meta property=\"og:url\" content=\"https:\/\/tramapaisagismo.com.br\/index.php\/perfil\/\" \/>\n<meta property=\"og:site_name\" content=\"Gabriela Trama Paisagismo\" \/>\n<meta property=\"article:modified_time\" content=\"2026-02-06T18:19:48+00:00\" \/>\n<meta property=\"og:image\" content=\"https:\/\/tramapaisagismo.com.br\/wp-content\/uploads\/2018\/06\/GABITRAMA.jpg\" \/>\n<meta name=\"twitter:card\" content=\"summary_large_image\" \/>\n<meta name=\"twitter:label1\" content=\"Est. tempo de leitura\" \/>\n\t<meta name=\"twitter:data1\" content=\"2 minutos\" \/>\n<script type=\"application\/ld+json\" class=\"yoast-schema-graph\">{\"@context\":\"https:\\\/\\\/schema.org\",\"@graph\":[{\"@type\":\"WebPage\",\"@id\":\"https:\\\/\\\/tramapaisagismo.com.br\\\/index.php\\\/perfil\\\/\",\"url\":\"https:\\\/\\\/tramapaisagismo.com.br\\\/index.php\\\/perfil\\\/\",\"name\":\"Perfil - Gabriela Trama Paisagismo\",\"isPartOf\":{\"@id\":\"https:\\\/\\\/tramapaisagismo.com.br\\\/#website\"},\"primaryImageOfPage\":{\"@id\":\"https:\\\/\\\/tramapaisagismo.com.br\\\/index.php\\\/perfil\\\/#primaryimage\"},\"image\":{\"@id\":\"https:\\\/\\\/tramapaisagismo.com.br\\\/index.php\\\/perfil\\\/#primaryimage\"},\"thumbnailUrl\":\"https:\\\/\\\/tramapaisagismo.com.br\\\/wp-content\\\/uploads\\\/2018\\\/06\\\/GABITRAMA.jpg\",\"datePublished\":\"2018-06-13T21:05:02+00:00\",\"dateModified\":\"2026-02-06T18:19:48+00:00\",\"breadcrumb\":{\"@id\":\"https:\\\/\\\/tramapaisagismo.com.br\\\/index.php\\\/perfil\\\/#breadcrumb\"},\"inLanguage\":\"pt-BR\",\"potentialAction\":[{\"@type\":\"ReadAction\",\"target\":[\"https:\\\/\\\/tramapaisagismo.com.br\\\/index.php\\\/perfil\\\/\"]}]},{\"@type\":\"ImageObject\",\"inLanguage\":\"pt-BR\",\"@id\":\"https:\\\/\\\/tramapaisagismo.com.br\\\/index.php\\\/perfil\\\/#primaryimage\",\"url\":\"https:\\\/\\\/tramapaisagismo.com.br\\\/wp-content\\\/uploads\\\/2018\\\/06\\\/GABITRAMA.jpg\",\"contentUrl\":\"https:\\\/\\\/tramapaisagismo.com.br\\\/wp-content\\\/uploads\\\/2018\\\/06\\\/GABITRAMA.jpg\",\"width\":2560,\"height\":1440},{\"@type\":\"BreadcrumbList\",\"@id\":\"https:\\\/\\\/tramapaisagismo.com.br\\\/index.php\\\/perfil\\\/#breadcrumb\",\"itemListElement\":[{\"@type\":\"ListItem\",\"position\":1,\"name\":\"In\u00edcio\",\"item\":\"https:\\\/\\\/tramapaisagismo.com.br\\\/\"},{\"@type\":\"ListItem\",\"position\":2,\"name\":\"Perfil\"}]},{\"@type\":\"WebSite\",\"@id\":\"https:\\\/\\\/tramapaisagismo.com.br\\\/#website\",\"url\":\"https:\\\/\\\/tramapaisagismo.com.br\\\/\",\"name\":\"Gabriela Trama Paisagismo\",\"description\":\"Projeto e Implanta\u00e7\u00e3o de Jardins\",\"publisher\":{\"@id\":\"https:\\\/\\\/tramapaisagismo.com.br\\\/#\\\/schema\\\/person\\\/93f28c57eae2e941e3b8421147e7f09a\"},\"potentialAction\":[{\"@type\":\"SearchAction\",\"target\":{\"@type\":\"EntryPoint\",\"urlTemplate\":\"https:\\\/\\\/tramapaisagismo.com.br\\\/?s={search_term_string}\"},\"query-input\":{\"@type\":\"PropertyValueSpecification\",\"valueRequired\":true,\"valueName\":\"search_term_string\"}}],\"inLanguage\":\"pt-BR\"},{\"@type\":[\"Person\",\"Organization\"],\"@id\":\"https:\\\/\\\/tramapaisagismo.com.br\\\/#\\\/schema\\\/person\\\/93f28c57eae2e941e3b8421147e7f09a\",\"name\":\"Gabriela Trama\",\"image\":{\"@type\":\"ImageObject\",\"inLanguage\":\"pt-BR\",\"@id\":\"https:\\\/\\\/tramapaisagismo.com.br\\\/wp-content\\\/uploads\\\/2018\\\/06\\\/GABITRAMA-1024x576.jpg\",\"url\":\"https:\\\/\\\/tramapaisagismo.com.br\\\/wp-content\\\/uploads\\\/2018\\\/06\\\/GABITRAMA-1024x576.jpg\",\"contentUrl\":\"https:\\\/\\\/tramapaisagismo.com.br\\\/wp-content\\\/uploads\\\/2018\\\/06\\\/GABITRAMA-1024x576.jpg\",\"width\":1024,\"height\":576,\"caption\":\"Gabriela Trama\"},\"logo\":{\"@id\":\"https:\\\/\\\/tramapaisagismo.com.br\\\/wp-content\\\/uploads\\\/2018\\\/06\\\/GABITRAMA-1024x576.jpg\"},\"description\":\"A jardinagem come\u00e7ou timidamente na minha vida. Fui estudando e me apaixonando. Atrav\u00e9s da jardinagem, conheci o paisagismo. Fiz diversos cursos na UMAPAZ como Evolu\u00e7\u00e3o dos Jardins, Fam\u00edlia Orchidaceae, Recursos Paisag\u00edsticos e muitos outros. Sou de S\u00e3o Paulo e sempre morei em casa, com espa\u00e7o para plantas, animais, aromas e sensa\u00e7\u00f5es. Me casei e fui para um apartamento. Minha sacadinha era meu canto favorito. No in\u00edcio resolvi me especializar em jardins em apartamentos, que me trouxe muita experi\u00eancia. Hoje fa\u00e7o projetos para casas, coberturas e qualquer ambiente que possa ser transformado. Cada projeto \u00e9 \u00fanico e gosto de tratar todos os assuntos diretamente com o cliente. Penso que o jardim vai al\u00e9m da est\u00e9tica. Precisa trazer momentos \u00fanicos, mem\u00f3rias afetivas e ativar nossos 5 sentidos.\",\"sameAs\":[\"https:\\\/\\\/tramapaisagismo.com.br\",\"@gabriela_trama_paisagismo\",\"tpaisagismo\"]}]}<\/script>\n<!-- \/ Yoast SEO plugin. -->","yoast_head_json":{"title":"Perfil - Gabriela Trama Paisagismo","robots":{"index":"index","follow":"follow","max-snippet":"max-snippet:-1","max-image-preview":"max-image-preview:large","max-video-preview":"max-video-preview:-1"},"canonical":"https:\/\/tramapaisagismo.com.br\/index.php\/perfil\/","og_locale":"pt_BR","og_type":"article","og_title":"Perfil - Gabriela Trama Paisagismo","og_description":"A jardinagem entrou na minha vida de forma discreta. Com o tempo, fui estudando, observando e me apaixonando. Foi atrav\u00e9s &hellip;","og_url":"https:\/\/tramapaisagismo.com.br\/index.php\/perfil\/","og_site_name":"Gabriela Trama Paisagismo","article_modified_time":"2026-02-06T18:19:48+00:00","og_image":[{"url":"https:\/\/tramapaisagismo.com.br\/wp-content\/uploads\/2018\/06\/GABITRAMA.jpg","type":"","width":"","height":""}],"twitter_card":"summary_large_image","twitter_misc":{"Est. tempo de leitura":"2 minutos"},"schema":{"@context":"https:\/\/schema.org","@graph":[{"@type":"WebPage","@id":"https:\/\/tramapaisagismo.com.br\/index.php\/perfil\/","url":"https:\/\/tramapaisagismo.com.br\/index.php\/perfil\/","name":"Perfil - Gabriela Trama Paisagismo","isPartOf":{"@id":"https:\/\/tramapaisagismo.com.br\/#website"},"primaryImageOfPage":{"@id":"https:\/\/tramapaisagismo.com.br\/index.php\/perfil\/#primaryimage"},"image":{"@id":"https:\/\/tramapaisagismo.com.br\/index.php\/perfil\/#primaryimage"},"thumbnailUrl":"https:\/\/tramapaisagismo.com.br\/wp-content\/uploads\/2018\/06\/GABITRAMA.jpg","datePublished":"2018-06-13T21:05:02+00:00","dateModified":"2026-02-06T18:19:48+00:00","breadcrumb":{"@id":"https:\/\/tramapaisagismo.com.br\/index.php\/perfil\/#breadcrumb"},"inLanguage":"pt-BR","potentialAction":[{"@type":"ReadAction","target":["https:\/\/tramapaisagismo.com.br\/index.php\/perfil\/"]}]},{"@type":"ImageObject","inLanguage":"pt-BR","@id":"https:\/\/tramapaisagismo.com.br\/index.php\/perfil\/#primaryimage","url":"https:\/\/tramapaisagismo.com.br\/wp-content\/uploads\/2018\/06\/GABITRAMA.jpg","contentUrl":"https:\/\/tramapaisagismo.com.br\/wp-content\/uploads\/2018\/06\/GABITRAMA.jpg","width":2560,"height":1440},{"@type":"BreadcrumbList","@id":"https:\/\/tramapaisagismo.com.br\/index.php\/perfil\/#breadcrumb","itemListElement":[{"@type":"ListItem","position":1,"name":"In\u00edcio","item":"https:\/\/tramapaisagismo.com.br\/"},{"@type":"ListItem","position":2,"name":"Perfil"}]},{"@type":"WebSite","@id":"https:\/\/tramapaisagismo.com.br\/#website","url":"https:\/\/tramapaisagismo.com.br\/","name":"Gabriela Trama Paisagismo","description":"Projeto e Implanta\u00e7\u00e3o de Jardins","publisher":{"@id":"https:\/\/tramapaisagismo.com.br\/#\/schema\/person\/93f28c57eae2e941e3b8421147e7f09a"},"potentialAction":[{"@type":"SearchAction","target":{"@type":"EntryPoint","urlTemplate":"https:\/\/tramapaisagismo.com.br\/?s={search_term_string}"},"query-input":{"@type":"PropertyValueSpecification","valueRequired":true,"valueName":"search_term_string"}}],"inLanguage":"pt-BR"},{"@type":["Person","Organization"],"@id":"https:\/\/tramapaisagismo.com.br\/#\/schema\/person\/93f28c57eae2e941e3b8421147e7f09a","name":"Gabriela Trama","image":{"@type":"ImageObject","inLanguage":"pt-BR","@id":"https:\/\/tramapaisagismo.com.br\/wp-content\/uploads\/2018\/06\/GABITRAMA-1024x576.jpg","url":"https:\/\/tramapaisagismo.com.br\/wp-content\/uploads\/2018\/06\/GABITRAMA-1024x576.jpg","contentUrl":"https:\/\/tramapaisagismo.com.br\/wp-content\/uploads\/2018\/06\/GABITRAMA-1024x576.jpg","width":1024,"height":576,"caption":"Gabriela Trama"},"logo":{"@id":"https:\/\/tramapaisagismo.com.br\/wp-content\/uploads\/2018\/06\/GABITRAMA-1024x576.jpg"},"description":"A jardinagem come\u00e7ou timidamente na minha vida. Fui estudando e me apaixonando. Atrav\u00e9s da jardinagem, conheci o paisagismo. Fiz diversos cursos na UMAPAZ como Evolu\u00e7\u00e3o dos Jardins, Fam\u00edlia Orchidaceae, Recursos Paisag\u00edsticos e muitos outros. Sou de S\u00e3o Paulo e sempre morei em casa, com espa\u00e7o para plantas, animais, aromas e sensa\u00e7\u00f5es. Me casei e fui para um apartamento. Minha sacadinha era meu canto favorito. No in\u00edcio resolvi me especializar em jardins em apartamentos, que me trouxe muita experi\u00eancia. Hoje fa\u00e7o projetos para casas, coberturas e qualquer ambiente que possa ser transformado. Cada projeto \u00e9 \u00fanico e gosto de tratar todos os assuntos diretamente com o cliente. Penso que o jardim vai al\u00e9m da est\u00e9tica. Precisa trazer momentos \u00fanicos, mem\u00f3rias afetivas e ativar nossos 5 sentidos.","sameAs":["https:\/\/tramapaisagismo.com.br","@gabriela_trama_paisagismo","tpaisagismo"]}]}},"_links":{"self":[{"href":"https:\/\/tramapaisagismo.com.br\/index.php\/wp-json\/wp\/v2\/pages\/2250","targetHints":{"allow":["GET"]}}],"collection":[{"href":"https:\/\/tramapaisagismo.com.br\/index.php\/wp-json\/wp\/v2\/pages"}],"about":[{"href":"https:\/\/tramapaisagismo.com.br\/index.php\/wp-json\/wp\/v2\/types\/page"}],"author":[{"embeddable":true,"href":"https:\/\/tramapaisagismo.com.br\/index.php\/wp-json\/wp\/v2\/users\/2"}],"replies":[{"embeddable":true,"href":"https:\/\/tramapaisagismo.com.br\/index.php\/wp-json\/wp\/v2\/comments?post=2250"}],"version-history":[{"count":27,"href":"https:\/\/tramapaisagismo.com.br\/index.php\/wp-json\/wp\/v2\/pages\/2250\/revisions"}],"predecessor-version":[{"id":3440,"href":"https:\/\/tramapaisagismo.com.br\/index.php\/wp-json\/wp\/v2\/pages\/2250\/revisions\/3440"}],"wp:attachment":[{"href":"https:\/\/tramapaisagismo.com.br\/index.php\/wp-json\/wp\/v2\/media?parent=2250"}],"curies":[{"name":"wp","href":"https:\/\/api.w.org\/{rel}","templated":true}]}}