{"id":3712,"date":"2026-05-15T21:46:39","date_gmt":"2026-05-15T21:46:39","guid":{"rendered":"https:\/\/tramapaisagismo.com.br\/?page_id=3712"},"modified":"2026-05-15T22:41:19","modified_gmt":"2026-05-15T22:41:19","slug":"posts","status":"publish","type":"page","link":"https:\/\/tramapaisagismo.com.br\/index.php\/posts\/","title":{"rendered":"Posts"},"content":{"rendered":"\n<figure class=\"wp-block-gallery has-nested-images columns-default is-cropped wp-block-gallery-1 is-layout-flex wp-block-gallery-is-layout-flex\">\n<figure class=\"wp-block-image size-full\"><a href=\"https:\/\/tramapaisagismo.com.br\/index.php\/2026\/05\/15\/sua-casa-e-convidativa\/\" target=\"_blank\" rel=\" noreferrer noopener\"><img loading=\"lazy\" decoding=\"async\" width=\"1024\" height=\"768\" data-id=\"3578\" src=\"https:\/\/tramapaisagismo.com.br\/wp-content\/uploads\/slider7\/cobertura_bosque1.jpeg\" alt=\"\" class=\"wp-image-3578\" srcset=\"https:\/\/tramapaisagismo.com.br\/wp-content\/uploads\/slider7\/cobertura_bosque1.jpeg 1024w, https:\/\/tramapaisagismo.com.br\/wp-content\/uploads\/slider7\/cobertura_bosque1-300x225.jpeg 300w, https:\/\/tramapaisagismo.com.br\/wp-content\/uploads\/slider7\/cobertura_bosque1-768x576.jpeg 768w, https:\/\/tramapaisagismo.com.br\/wp-content\/uploads\/slider7\/cobertura_bosque1-80x60.jpeg 80w, https:\/\/tramapaisagismo.com.br\/wp-content\/uploads\/slider7\/cobertura_bosque1-600x450.jpeg 600w\" sizes=\"auto, (max-width: 1024px) 100vw, 1024px\" \/><\/a><figcaption class=\"wp-element-caption\"><strong>SUA CASA \u00c9 CONVIDATIVA<\/strong><\/figcaption><\/figure>\n\n\n\n<figure class=\"wp-block-image size-large\"><a href=\"https:\/\/tramapaisagismo.com.br\/index.php\/2026\/05\/15\/paisagismo-com-especies-nativas\/\" target=\"_blank\" rel=\" noreferrer noopener\"><img loading=\"lazy\" decoding=\"async\" width=\"768\" height=\"1024\" data-id=\"3678\" src=\"https:\/\/tramapaisagismo.com.br\/wp-content\/uploads\/2026\/05\/WhatsApp-Image-2025-04-16-at-16.21.30-e1744832136284-edited-768x1024.jpeg\" alt=\"\" class=\"wp-image-3678\"\/><\/a><figcaption class=\"wp-element-caption\"><strong>PAISAGISMO COM NATIVAS<\/strong><\/figcaption><\/figure>\n\n\n\n<figure class=\"wp-block-image size-large\"><a href=\"https:\/\/tramapaisagismo.com.br\/index.php\/2026\/05\/15\/jardim-formal-com-especies-tropicais\/\" target=\"_blank\" rel=\" noreferrer noopener\"><img loading=\"lazy\" decoding=\"async\" width=\"1024\" height=\"1024\" data-id=\"3613\" src=\"https:\/\/tramapaisagismo.com.br\/wp-content\/uploads\/slider14\/20240913_1250321-1024x1024.jpeg\" alt=\"\" class=\"wp-image-3613\" srcset=\"https:\/\/tramapaisagismo.com.br\/wp-content\/uploads\/slider14\/20240913_1250321-1024x1024.jpeg 1024w, https:\/\/tramapaisagismo.com.br\/wp-content\/uploads\/slider14\/20240913_1250321-300x300.jpeg 300w, https:\/\/tramapaisagismo.com.br\/wp-content\/uploads\/slider14\/20240913_1250321-150x150.jpeg 150w, https:\/\/tramapaisagismo.com.br\/wp-content\/uploads\/slider14\/20240913_1250321-768x769.jpeg 768w, https:\/\/tramapaisagismo.com.br\/wp-content\/uploads\/slider14\/20240913_1250321-1536x1536.jpeg 1536w, https:\/\/tramapaisagismo.com.br\/wp-content\/uploads\/slider14\/20240913_1250321-2048x2048.jpeg 2048w, https:\/\/tramapaisagismo.com.br\/wp-content\/uploads\/slider14\/20240913_1250321-435x435.jpeg 435w, https:\/\/tramapaisagismo.com.br\/wp-content\/uploads\/slider14\/20240913_1250321-60x60.jpeg 60w, https:\/\/tramapaisagismo.com.br\/wp-content\/uploads\/slider14\/20240913_1250321-600x600.jpeg 600w\" sizes=\"auto, (max-width: 1024px) 100vw, 1024px\" \/><\/a><figcaption class=\"wp-element-caption\"><strong>HIST\u00d3RIA DE UM JARDIM<\/strong><\/figcaption><\/figure>\n\n\n\n<figure class=\"wp-block-image size-large\"><a href=\"https:\/\/tramapaisagismo.com.br\/index.php\/2026\/05\/15\/jardim-estimula-sua-criatividade\/\" target=\"_blank\" rel=\" noreferrer noopener\"><img loading=\"lazy\" decoding=\"async\" width=\"473\" height=\"1024\" data-id=\"3535\" src=\"https:\/\/tramapaisagismo.com.br\/wp-content\/uploads\/2026\/05\/WhatsApp-Image-2026-04-29-at-08.38.36-2-473x1024.jpeg\" alt=\"\" class=\"wp-image-3535\"\/><\/a><figcaption class=\"wp-element-caption\">NATUREZA E CRIATIVIDADE<\/figcaption><\/figure>\n\n\n\n<figure class=\"wp-block-image size-large\"><a href=\"https:\/\/tramapaisagismo.com.br\/index.php\/2026\/05\/15\/parede-verde\/\" target=\"_blank\" rel=\" noreferrer noopener\"><img loading=\"lazy\" decoding=\"async\" width=\"1024\" height=\"987\" data-id=\"3722\" src=\"https:\/\/tramapaisagismo.com.br\/wp-content\/uploads\/2026\/05\/parede-verde1-1024x987.jpg\" alt=\"\" class=\"wp-image-3722\" srcset=\"https:\/\/tramapaisagismo.com.br\/wp-content\/uploads\/2026\/05\/parede-verde1-1024x987.jpg 1024w, https:\/\/tramapaisagismo.com.br\/wp-content\/uploads\/2026\/05\/parede-verde1-300x289.jpg 300w, https:\/\/tramapaisagismo.com.br\/wp-content\/uploads\/2026\/05\/parede-verde1-768x740.jpg 768w, https:\/\/tramapaisagismo.com.br\/wp-content\/uploads\/2026\/05\/parede-verde1-62x60.jpg 62w, https:\/\/tramapaisagismo.com.br\/wp-content\/uploads\/2026\/05\/parede-verde1-600x578.jpg 600w, https:\/\/tramapaisagismo.com.br\/wp-content\/uploads\/2026\/05\/parede-verde1.jpg 1121w\" sizes=\"auto, (max-width: 1024px) 100vw, 1024px\" \/><\/a><figcaption class=\"wp-element-caption\">PAREDE VERDE<\/figcaption><\/figure>\n<\/figure>\n","protected":false},"excerpt":{"rendered":"","protected":false},"author":1,"featured_media":0,"parent":0,"menu_order":0,"comment_status":"closed","ping_status":"closed","template":"","meta":{"two_page_speed":[],"footnotes":""},"class_list":["post-3712","page","type-page","status-publish","hentry"],"yoast_head":"<!-- This site is optimized with the Yoast SEO plugin v27.4 - https:\/\/yoast.com\/product\/yoast-seo-wordpress\/ -->\n<title>Posts - Gabriela Trama Paisagismo<\/title>\n<meta name=\"robots\" content=\"index, follow, max-snippet:-1, max-image-preview:large, max-video-preview:-1\" \/>\n<link rel=\"canonical\" href=\"https:\/\/tramapaisagismo.com.br\/index.php\/posts\/\" \/>\n<meta property=\"og:locale\" content=\"pt_BR\" \/>\n<meta property=\"og:type\" content=\"article\" \/>\n<meta property=\"og:title\" content=\"Posts - Gabriela Trama Paisagismo\" \/>\n<meta property=\"og:url\" content=\"https:\/\/tramapaisagismo.com.br\/index.php\/posts\/\" \/>\n<meta property=\"og:site_name\" content=\"Gabriela Trama Paisagismo\" \/>\n<meta property=\"article:modified_time\" content=\"2026-05-15T22:41:19+00:00\" \/>\n<meta property=\"og:image\" content=\"https:\/\/tramapaisagismo.com.br\/wp-content\/uploads\/slider7\/cobertura_bosque1.jpeg\" \/>\n\t<meta property=\"og:image:width\" content=\"1024\" \/>\n\t<meta property=\"og:image:height\" content=\"768\" \/>\n\t<meta property=\"og:image:type\" content=\"image\/jpeg\" \/>\n<meta name=\"twitter:card\" content=\"summary_large_image\" \/>\n<meta name=\"twitter:label1\" content=\"Est. tempo de leitura\" \/>\n\t<meta name=\"twitter:data1\" content=\"2 minutos\" \/>\n<script type=\"application\/ld+json\" class=\"yoast-schema-graph\">{\"@context\":\"https:\\\/\\\/schema.org\",\"@graph\":[{\"@type\":\"WebPage\",\"@id\":\"https:\\\/\\\/tramapaisagismo.com.br\\\/index.php\\\/posts\\\/\",\"url\":\"https:\\\/\\\/tramapaisagismo.com.br\\\/index.php\\\/posts\\\/\",\"name\":\"Posts - Gabriela Trama Paisagismo\",\"isPartOf\":{\"@id\":\"https:\\\/\\\/tramapaisagismo.com.br\\\/#website\"},\"primaryImageOfPage\":{\"@id\":\"https:\\\/\\\/tramapaisagismo.com.br\\\/index.php\\\/posts\\\/#primaryimage\"},\"image\":{\"@id\":\"https:\\\/\\\/tramapaisagismo.com.br\\\/index.php\\\/posts\\\/#primaryimage\"},\"thumbnailUrl\":\"https:\\\/\\\/tramapaisagismo.com.br\\\/wp-content\\\/uploads\\\/slider7\\\/cobertura_bosque1.jpeg\",\"datePublished\":\"2026-05-15T21:46:39+00:00\",\"dateModified\":\"2026-05-15T22:41:19+00:00\",\"breadcrumb\":{\"@id\":\"https:\\\/\\\/tramapaisagismo.com.br\\\/index.php\\\/posts\\\/#breadcrumb\"},\"inLanguage\":\"pt-BR\",\"potentialAction\":[{\"@type\":\"ReadAction\",\"target\":[\"https:\\\/\\\/tramapaisagismo.com.br\\\/index.php\\\/posts\\\/\"]}]},{\"@type\":\"ImageObject\",\"inLanguage\":\"pt-BR\",\"@id\":\"https:\\\/\\\/tramapaisagismo.com.br\\\/index.php\\\/posts\\\/#primaryimage\",\"url\":\"https:\\\/\\\/tramapaisagismo.com.br\\\/wp-content\\\/uploads\\\/slider7\\\/cobertura_bosque1.jpeg\",\"contentUrl\":\"https:\\\/\\\/tramapaisagismo.com.br\\\/wp-content\\\/uploads\\\/slider7\\\/cobertura_bosque1.jpeg\",\"width\":1024,\"height\":768},{\"@type\":\"BreadcrumbList\",\"@id\":\"https:\\\/\\\/tramapaisagismo.com.br\\\/index.php\\\/posts\\\/#breadcrumb\",\"itemListElement\":[{\"@type\":\"ListItem\",\"position\":1,\"name\":\"In\u00edcio\",\"item\":\"https:\\\/\\\/tramapaisagismo.com.br\\\/\"},{\"@type\":\"ListItem\",\"position\":2,\"name\":\"Posts\"}]},{\"@type\":\"WebSite\",\"@id\":\"https:\\\/\\\/tramapaisagismo.com.br\\\/#website\",\"url\":\"https:\\\/\\\/tramapaisagismo.com.br\\\/\",\"name\":\"Gabriela Trama Paisagismo\",\"description\":\"Projeto e Implanta\u00e7\u00e3o de Jardins\",\"publisher\":{\"@id\":\"https:\\\/\\\/tramapaisagismo.com.br\\\/#\\\/schema\\\/person\\\/93f28c57eae2e941e3b8421147e7f09a\"},\"potentialAction\":[{\"@type\":\"SearchAction\",\"target\":{\"@type\":\"EntryPoint\",\"urlTemplate\":\"https:\\\/\\\/tramapaisagismo.com.br\\\/?s={search_term_string}\"},\"query-input\":{\"@type\":\"PropertyValueSpecification\",\"valueRequired\":true,\"valueName\":\"search_term_string\"}}],\"inLanguage\":\"pt-BR\"},{\"@type\":[\"Person\",\"Organization\"],\"@id\":\"https:\\\/\\\/tramapaisagismo.com.br\\\/#\\\/schema\\\/person\\\/93f28c57eae2e941e3b8421147e7f09a\",\"name\":\"Gabriela Trama\",\"image\":{\"@type\":\"ImageObject\",\"inLanguage\":\"pt-BR\",\"@id\":\"https:\\\/\\\/tramapaisagismo.com.br\\\/wp-content\\\/uploads\\\/2018\\\/06\\\/GABITRAMA-1024x576.jpg\",\"url\":\"https:\\\/\\\/tramapaisagismo.com.br\\\/wp-content\\\/uploads\\\/2018\\\/06\\\/GABITRAMA-1024x576.jpg\",\"contentUrl\":\"https:\\\/\\\/tramapaisagismo.com.br\\\/wp-content\\\/uploads\\\/2018\\\/06\\\/GABITRAMA-1024x576.jpg\",\"width\":1024,\"height\":576,\"caption\":\"Gabriela Trama\"},\"logo\":{\"@id\":\"https:\\\/\\\/tramapaisagismo.com.br\\\/wp-content\\\/uploads\\\/2018\\\/06\\\/GABITRAMA-1024x576.jpg\"},\"description\":\"A jardinagem come\u00e7ou timidamente na minha vida. Fui estudando e me apaixonando. Atrav\u00e9s da jardinagem, conheci o paisagismo. Fiz diversos cursos na UMAPAZ como Evolu\u00e7\u00e3o dos Jardins, Fam\u00edlia Orchidaceae, Recursos Paisag\u00edsticos e muitos outros. Sou de S\u00e3o Paulo e sempre morei em casa, com espa\u00e7o para plantas, animais, aromas e sensa\u00e7\u00f5es. Me casei e fui para um apartamento. Minha sacadinha era meu canto favorito. No in\u00edcio resolvi me especializar em jardins em apartamentos, que me trouxe muita experi\u00eancia. Hoje fa\u00e7o projetos para casas, coberturas e qualquer ambiente que possa ser transformado. Cada projeto \u00e9 \u00fanico e gosto de tratar todos os assuntos diretamente com o cliente. Penso que o jardim vai al\u00e9m da est\u00e9tica. Precisa trazer momentos \u00fanicos, mem\u00f3rias afetivas e ativar nossos 5 sentidos.\",\"sameAs\":[\"https:\\\/\\\/tramapaisagismo.com.br\",\"@gabriela_trama_paisagismo\",\"tpaisagismo\"]}]}<\/script>\n<!-- \/ Yoast SEO plugin. -->","yoast_head_json":{"title":"Posts - Gabriela Trama Paisagismo","robots":{"index":"index","follow":"follow","max-snippet":"max-snippet:-1","max-image-preview":"max-image-preview:large","max-video-preview":"max-video-preview:-1"},"canonical":"https:\/\/tramapaisagismo.com.br\/index.php\/posts\/","og_locale":"pt_BR","og_type":"article","og_title":"Posts - Gabriela Trama Paisagismo","og_url":"https:\/\/tramapaisagismo.com.br\/index.php\/posts\/","og_site_name":"Gabriela Trama Paisagismo","article_modified_time":"2026-05-15T22:41:19+00:00","og_image":[{"width":1024,"height":768,"url":"https:\/\/tramapaisagismo.com.br\/wp-content\/uploads\/slider7\/cobertura_bosque1.jpeg","type":"image\/jpeg"}],"twitter_card":"summary_large_image","twitter_misc":{"Est. tempo de leitura":"2 minutos"},"schema":{"@context":"https:\/\/schema.org","@graph":[{"@type":"WebPage","@id":"https:\/\/tramapaisagismo.com.br\/index.php\/posts\/","url":"https:\/\/tramapaisagismo.com.br\/index.php\/posts\/","name":"Posts - Gabriela Trama Paisagismo","isPartOf":{"@id":"https:\/\/tramapaisagismo.com.br\/#website"},"primaryImageOfPage":{"@id":"https:\/\/tramapaisagismo.com.br\/index.php\/posts\/#primaryimage"},"image":{"@id":"https:\/\/tramapaisagismo.com.br\/index.php\/posts\/#primaryimage"},"thumbnailUrl":"https:\/\/tramapaisagismo.com.br\/wp-content\/uploads\/slider7\/cobertura_bosque1.jpeg","datePublished":"2026-05-15T21:46:39+00:00","dateModified":"2026-05-15T22:41:19+00:00","breadcrumb":{"@id":"https:\/\/tramapaisagismo.com.br\/index.php\/posts\/#breadcrumb"},"inLanguage":"pt-BR","potentialAction":[{"@type":"ReadAction","target":["https:\/\/tramapaisagismo.com.br\/index.php\/posts\/"]}]},{"@type":"ImageObject","inLanguage":"pt-BR","@id":"https:\/\/tramapaisagismo.com.br\/index.php\/posts\/#primaryimage","url":"https:\/\/tramapaisagismo.com.br\/wp-content\/uploads\/slider7\/cobertura_bosque1.jpeg","contentUrl":"https:\/\/tramapaisagismo.com.br\/wp-content\/uploads\/slider7\/cobertura_bosque1.jpeg","width":1024,"height":768},{"@type":"BreadcrumbList","@id":"https:\/\/tramapaisagismo.com.br\/index.php\/posts\/#breadcrumb","itemListElement":[{"@type":"ListItem","position":1,"name":"In\u00edcio","item":"https:\/\/tramapaisagismo.com.br\/"},{"@type":"ListItem","position":2,"name":"Posts"}]},{"@type":"WebSite","@id":"https:\/\/tramapaisagismo.com.br\/#website","url":"https:\/\/tramapaisagismo.com.br\/","name":"Gabriela Trama Paisagismo","description":"Projeto e Implanta\u00e7\u00e3o de Jardins","publisher":{"@id":"https:\/\/tramapaisagismo.com.br\/#\/schema\/person\/93f28c57eae2e941e3b8421147e7f09a"},"potentialAction":[{"@type":"SearchAction","target":{"@type":"EntryPoint","urlTemplate":"https:\/\/tramapaisagismo.com.br\/?s={search_term_string}"},"query-input":{"@type":"PropertyValueSpecification","valueRequired":true,"valueName":"search_term_string"}}],"inLanguage":"pt-BR"},{"@type":["Person","Organization"],"@id":"https:\/\/tramapaisagismo.com.br\/#\/schema\/person\/93f28c57eae2e941e3b8421147e7f09a","name":"Gabriela Trama","image":{"@type":"ImageObject","inLanguage":"pt-BR","@id":"https:\/\/tramapaisagismo.com.br\/wp-content\/uploads\/2018\/06\/GABITRAMA-1024x576.jpg","url":"https:\/\/tramapaisagismo.com.br\/wp-content\/uploads\/2018\/06\/GABITRAMA-1024x576.jpg","contentUrl":"https:\/\/tramapaisagismo.com.br\/wp-content\/uploads\/2018\/06\/GABITRAMA-1024x576.jpg","width":1024,"height":576,"caption":"Gabriela Trama"},"logo":{"@id":"https:\/\/tramapaisagismo.com.br\/wp-content\/uploads\/2018\/06\/GABITRAMA-1024x576.jpg"},"description":"A jardinagem come\u00e7ou timidamente na minha vida. Fui estudando e me apaixonando. Atrav\u00e9s da jardinagem, conheci o paisagismo. Fiz diversos cursos na UMAPAZ como Evolu\u00e7\u00e3o dos Jardins, Fam\u00edlia Orchidaceae, Recursos Paisag\u00edsticos e muitos outros. Sou de S\u00e3o Paulo e sempre morei em casa, com espa\u00e7o para plantas, animais, aromas e sensa\u00e7\u00f5es. Me casei e fui para um apartamento. Minha sacadinha era meu canto favorito. No in\u00edcio resolvi me especializar em jardins em apartamentos, que me trouxe muita experi\u00eancia. Hoje fa\u00e7o projetos para casas, coberturas e qualquer ambiente que possa ser transformado. Cada projeto \u00e9 \u00fanico e gosto de tratar todos os assuntos diretamente com o cliente. Penso que o jardim vai al\u00e9m da est\u00e9tica. Precisa trazer momentos \u00fanicos, mem\u00f3rias afetivas e ativar nossos 5 sentidos.","sameAs":["https:\/\/tramapaisagismo.com.br","@gabriela_trama_paisagismo","tpaisagismo"]}]}},"_links":{"self":[{"href":"https:\/\/tramapaisagismo.com.br\/index.php\/wp-json\/wp\/v2\/pages\/3712","targetHints":{"allow":["GET"]}}],"collection":[{"href":"https:\/\/tramapaisagismo.com.br\/index.php\/wp-json\/wp\/v2\/pages"}],"about":[{"href":"https:\/\/tramapaisagismo.com.br\/index.php\/wp-json\/wp\/v2\/types\/page"}],"author":[{"embeddable":true,"href":"https:\/\/tramapaisagismo.com.br\/index.php\/wp-json\/wp\/v2\/users\/1"}],"replies":[{"embeddable":true,"href":"https:\/\/tramapaisagismo.com.br\/index.php\/wp-json\/wp\/v2\/comments?post=3712"}],"version-history":[{"count":9,"href":"https:\/\/tramapaisagismo.com.br\/index.php\/wp-json\/wp\/v2\/pages\/3712\/revisions"}],"predecessor-version":[{"id":3735,"href":"https:\/\/tramapaisagismo.com.br\/index.php\/wp-json\/wp\/v2\/pages\/3712\/revisions\/3735"}],"wp:attachment":[{"href":"https:\/\/tramapaisagismo.com.br\/index.php\/wp-json\/wp\/v2\/media?parent=3712"}],"curies":[{"name":"wp","href":"https:\/\/api.w.org\/{rel}","templated":true}]}}